{"id":1146,"date":"2021-07-09T01:20:10","date_gmt":"2021-07-09T01:20:10","guid":{"rendered":"https:\/\/akturkhelva.com\/?page_id=1146"},"modified":"2022-04-23T22:06:44","modified_gmt":"2022-04-23T22:06:44","slug":"cctv-aydinlatma-metni","status":"publish","type":"page","link":"https:\/\/akturkhelva.com\/index.php\/cctv-aydinlatma-metni\/","title":{"rendered":"CCTV Ayd\u0131nlatma Metni"},"content":{"rendered":"\t\t<div data-elementor-type=\"wp-page\" data-elementor-id=\"1146\" class=\"elementor elementor-1146\">\n\t\t\t\t\t\t\t\t\t<section class=\"elementor-section elementor-top-section elementor-element elementor-element-e73cc15 elementor-section-boxed elementor-section-height-default elementor-section-height-default\" data-id=\"e73cc15\" data-element_type=\"section\" data-settings=\"{&quot;_ha_eqh_enable&quot;:false}\">\n\t\t\t\t\t\t<div class=\"elementor-container elementor-column-gap-default\">\n\t\t\t\t\t<div class=\"elementor-column elementor-col-100 elementor-top-column elementor-element elementor-element-3f6d5ba\" data-id=\"3f6d5ba\" data-element_type=\"column\">\n\t\t\t<div class=\"elementor-widget-wrap elementor-element-populated\">\n\t\t\t\t\t\t\t\t<div class=\"elementor-element elementor-element-fcfa204 elementor-widget elementor-widget-heading\" data-id=\"fcfa204\" data-element_type=\"widget\" data-widget_type=\"heading.default\">\n\t\t\t\t<div class=\"elementor-widget-container\">\n\t\t\t<h2 class=\"elementor-heading-title elementor-size-default\">AKT\u00dcRK \u015eEKERL\u0130 MAM\u00dcLLER \u00dcRET\u0130M VE PAZARLAMA \n\u0130N\u015eAAT SANAY\u0130 VE T\u0130CARET L\u0130M\u0130TED \u015e\u0130RKET\u0130 \n\u0130\u00c7ER\u0130S\u0130NDE VE DI\u015eINDA YER ALAN \nG\u00dcVENL\u0130K KAMERALARI HAKKINDA \nAYDINLATMA METN\u0130\n<\/h2>\t\t<\/div>\n\t\t\t\t<\/div>\n\t\t\t\t\t<\/div>\n\t\t<\/div>\n\t\t\t\t\t\t\t<\/div>\n\t\t<\/section>\n\t\t\t\t<section class=\"elementor-section elementor-top-section elementor-element elementor-element-ced7741 elementor-section-boxed elementor-section-height-default elementor-section-height-default\" data-id=\"ced7741\" data-element_type=\"section\" data-settings=\"{&quot;_ha_eqh_enable&quot;:false}\">\n\t\t\t\t\t\t<div class=\"elementor-container elementor-column-gap-default\">\n\t\t\t\t\t<div class=\"elementor-column elementor-col-100 elementor-top-column elementor-element elementor-element-5a5c86d\" data-id=\"5a5c86d\" data-element_type=\"column\">\n\t\t\t<div class=\"elementor-widget-wrap elementor-element-populated\">\n\t\t\t\t\t\t\t\t<div class=\"elementor-element elementor-element-47772ba elementor-widget elementor-widget-text-editor\" data-id=\"47772ba\" data-element_type=\"widget\" data-widget_type=\"text-editor.default\">\n\t\t\t\t<div class=\"elementor-widget-container\">\n\t\t\t\t\t\t\t<p>Bu ayd\u0131nlatma metni, 6698 say\u0131l\u0131 Ki\u015fisel Verilerin Korunmas\u0131 Kanununun 10. maddesi ile Ayd\u0131nlatma Y\u00fck\u00fcml\u00fcl\u00fc\u011f\u00fcn\u00fcn Yerine Getirilmesinde Uyulacak Usul ve Esaslar Hakk\u0131nda Tebli\u011f kapsam\u0131nda veri sorumlusu s\u0131fat\u0131yla Akt\u00fcrk \u015eekerli Mam\u00fcller \u00dcretim ve Pazarlama \u0130n\u015faat Sanayi ve Ticaret Limited \u015eirketi taraf\u0131ndan haz\u0131rlanm\u0131\u015ft\u0131r.<\/p><p>\u015eirketimiz i\u00e7erisinde, \u00e7al\u0131\u015fma alanlar\u0131nda, d\u0131\u015f cephesinde, yemekhanede, a\u00e7\u0131k otopark\u0131nda bulunan toplam 16 adet g\u00fcvenlik kameras\u0131 vas\u0131tas\u0131yla ma\u011faza g\u00fcvenli\u011finin sa\u011flanmas\u0131 amac\u0131yla g\u00f6r\u00fcnt\u00fc kayd\u0131 yap\u0131lmakta ve kay\u0131t i\u015flemi g\u00fcvenlik birimi taraf\u0131ndan denetlenmektedir.<\/p><p>S\u00f6z konusu ki\u015fisel veri, Kanunun 5. maddesinde yer alan veri sorumlusunun hukuki y\u00fck\u00fcml\u00fcl\u00fc\u011f\u00fcn\u00fc yerine getirebilmesi i\u00e7in zorunlu olmas\u0131 ve ilgili ki\u015finin temel hak ve \u00f6zg\u00fcrl\u00fcklerine zarar vermemek kayd\u0131yla, veri sorumlusunun me\u015fru menfaatleri i\u00e7in veri i\u015flenmesinin zorunlu olmas\u0131 hukuki sebebine dayanarak otomatik yolla i\u015flenmektedir.<\/p><p>S\u00f6z konusu ki\u015fisel veriler hukuki uyu\u015fmazl\u0131klar\u0131n giderilmesi veya ilgili mevzuat\u0131 gere\u011fi talep halinde adli makamlar veya ilgili kolluk kuvvetlerine aktar\u0131labilecektir.<\/p><p>Kanunun ilgili ki\u015finin haklar\u0131n\u0131 d\u00fczenleyen 11. Maddesi kapsam\u0131ndaki taleplerinizi, \u201cVeri Sorumlusuna Ba\u015fvuru Usul ve Esaslar\u0131 Hakk\u0131nda Tebli\u011fe\u201d g\u00f6re Akt\u00fcrk \u015eekerli Mam\u00fcller \u00dcretim ve Pazarlama \u0130n\u015faat Sanayi ve Ticaret Limited \u015eirketinin Macun Mahallesi, 223. Cadde No: 12 Yenimahalle \/ Ankara adresine yaz\u0131l\u0131 olarak veya veri sorumlusu olarak taraf\u0131m\u0131za daha \u00f6nceden bildirdi\u011finiz ve sistemimizde kay\u0131tl\u0131 bulunan elektronik posta \u00fczerinden <a href=\"mailto:kvkk@akturkhelva.com\">kvkk@akturkhelva.com<\/a> \u00a0e-posta adresine iletebilirsiniz.<\/p><p>Hukuka ayk\u0131r\u0131 ve haks\u0131z bir \u015fekilde veri payla\u015f\u0131m\u0131ndan kaynaklanabilecek hukuki risklerin bertaraf edilmesi ve \u00f6zellikle ki\u015fisel verilerinizin g\u00fcvenli\u011finin sa\u011flanmas\u0131 amac\u0131yla, kimlik ve yetki tespiti i\u00e7in \u015eirketimiz ek evrak ve malumat (N\u00fcfus c\u00fczdan\u0131 veya s\u00fcr\u00fcc\u00fc belgesi sureti vb.) talep etme hakk\u0131n\u0131 sakl\u0131 tutar. Form kapsam\u0131nda iletmekte oldu\u011funuz taleplerinize ili\u015fkin bilgilerin do\u011fru ve g\u00fcncel olmamas\u0131 ya da yetkisiz bir ba\u015fvuru yap\u0131lmas\u0131 halinde \u015eirketimiz, s\u00f6z konusu yanl\u0131\u015f bilgi ya da yetkisiz ba\u015fvuru kaynakl\u0131 taleplerden dolay\u0131 mesuliyet kabul etmemektedir. Hukuka ayk\u0131r\u0131, yan\u0131lt\u0131c\u0131 veya yanl\u0131\u015f ba\u015fvurulardan do\u011fan t\u00fcm sorumluluk size aittir.<\/p><p><strong>Not:<\/strong> <em>Ba\u015fkas\u0131 ad\u0131na ba\u015fvuruda bulunmaktaysan\u0131z, ba\u015fvuru yapmaya yetkili oldu\u011funuzu g\u00f6steren belgeleri (ki\u015fisel veri sahibinin velisi\/ vasisi oldu\u011funu g\u00f6sterir belge, vekaletname gibi) ba\u015fvurunun ekinde g\u00f6nderiniz. Bu belgelerin ge\u00e7erli olarak kabul edilmesi i\u00e7in yetkili makamlar taraf\u0131ndan d\u00fczenlenmi\u015f veya onaylanm\u0131\u015f olmalar\u0131 aranmaktad\u0131r.<\/em><\/p>\t\t\t\t\t\t<\/div>\n\t\t\t\t<\/div>\n\t\t\t\t\t<\/div>\n\t\t<\/div>\n\t\t\t\t\t\t\t<\/div>\n\t\t<\/section>\n\t\t\t\t\t\t\t<\/div>\n\t\t","protected":false},"excerpt":{"rendered":"<p>AKT\u00dcRK \u015eEKERL\u0130 MAM\u00dcLLER \u00dcRET\u0130M VE PAZARLAMA \u0130N\u015eAAT SANAY\u0130 VE T\u0130CARET L\u0130M\u0130TED \u015e\u0130RKET\u0130 \u0130\u00c7ER\u0130S\u0130NDE VE DI\u015eINDA YER ALAN G\u00dcVENL\u0130K KAMERALARI HAKKINDA AYDINLATMA METN\u0130 Bu ayd\u0131nlatma metni, 6698 say\u0131l\u0131 Ki\u015fisel Verilerin Korunmas\u0131 Kanununun 10. maddesi ile Ayd\u0131nlatma Y\u00fck\u00fcml\u00fcl\u00fc\u011f\u00fcn\u00fcn Yerine Getirilmesinde Uyulacak Usul ve Esaslar Hakk\u0131nda Tebli\u011f kapsam\u0131nda veri sorumlusu s\u0131fat\u0131yla Akt\u00fcrk \u015eekerli Mam\u00fcller \u00dcretim ve Pazarlama \u0130n\u015faat &hellip;<\/p>\n<p class=\"read-more\"> <a class=\"\" href=\"https:\/\/akturkhelva.com\/index.php\/cctv-aydinlatma-metni\/\"> <span class=\"screen-reader-text\">CCTV Ayd\u0131nlatma Metni<\/span> Devam\u0131 &raquo;<\/a><\/p>\n","protected":false},"author":1,"featured_media":0,"parent":0,"menu_order":0,"comment_status":"closed","ping_status":"closed","template":"","meta":{"site-sidebar-layout":"left-sidebar","site-content-layout":"plain-container","ast-global-header-display":"","ast-main-header-display":"","ast-hfb-above-header-display":"","ast-hfb-below-header-display":"","ast-hfb-mobile-header-display":"","site-post-title":"disabled","ast-breadcrumbs-content":"","ast-featured-img":"disabled","footer-sml-layout":"","theme-transparent-header-meta":"default","adv-header-id-meta":"","stick-header-meta":"","header-above-stick-meta":"","header-main-stick-meta":"","header-below-stick-meta":""},"_links":{"self":[{"href":"https:\/\/akturkhelva.com\/index.php\/wp-json\/wp\/v2\/pages\/1146"}],"collection":[{"href":"https:\/\/akturkhelva.com\/index.php\/wp-json\/wp\/v2\/pages"}],"about":[{"href":"https:\/\/akturkhelva.com\/index.php\/wp-json\/wp\/v2\/types\/page"}],"author":[{"embeddable":true,"href":"https:\/\/akturkhelva.com\/index.php\/wp-json\/wp\/v2\/users\/1"}],"replies":[{"embeddable":true,"href":"https:\/\/akturkhelva.com\/index.php\/wp-json\/wp\/v2\/comments?post=1146"}],"version-history":[{"count":19,"href":"https:\/\/akturkhelva.com\/index.php\/wp-json\/wp\/v2\/pages\/1146\/revisions"}],"predecessor-version":[{"id":1280,"href":"https:\/\/akturkhelva.com\/index.php\/wp-json\/wp\/v2\/pages\/1146\/revisions\/1280"}],"wp:attachment":[{"href":"https:\/\/akturkhelva.com\/index.php\/wp-json\/wp\/v2\/media?parent=1146"}],"curies":[{"name":"wp","href":"https:\/\/api.w.org\/{rel}","templated":true}]}}