{"id":1164,"date":"2021-07-09T01:34:18","date_gmt":"2021-07-09T01:34:18","guid":{"rendered":"https:\/\/akturkhelva.com\/?page_id=1164"},"modified":"2022-04-23T22:07:28","modified_gmt":"2022-04-23T22:07:28","slug":"kvkk-aydinlatma-metni","status":"publish","type":"page","link":"https:\/\/akturkhelva.com\/index.php\/kvkk-aydinlatma-metni\/","title":{"rendered":"KVKK Ayd\u0131nlatma Metni"},"content":{"rendered":"\t\t<div data-elementor-type=\"wp-page\" data-elementor-id=\"1164\" class=\"elementor elementor-1164\">\n\t\t\t\t\t\t\t\t\t<section class=\"elementor-section elementor-top-section elementor-element elementor-element-e73cc15 elementor-section-boxed elementor-section-height-default elementor-section-height-default\" data-id=\"e73cc15\" data-element_type=\"section\" data-settings=\"{&quot;_ha_eqh_enable&quot;:false}\">\n\t\t\t\t\t\t<div class=\"elementor-container elementor-column-gap-default\">\n\t\t\t\t\t<div class=\"elementor-column elementor-col-100 elementor-top-column elementor-element elementor-element-3f6d5ba\" data-id=\"3f6d5ba\" data-element_type=\"column\">\n\t\t\t<div class=\"elementor-widget-wrap elementor-element-populated\">\n\t\t\t\t\t\t\t\t<div class=\"elementor-element elementor-element-fcfa204 elementor-widget elementor-widget-heading\" data-id=\"fcfa204\" data-element_type=\"widget\" data-widget_type=\"heading.default\">\n\t\t\t\t<div class=\"elementor-widget-container\">\n\t\t\t<h2 class=\"elementor-heading-title elementor-size-default\">K\u0130\u015e\u0130SEL VER\u0130LER\u0130N KORUNMASI VE \u0130\u015eLENMES\u0130NE \n\u0130L\u0130\u015eK\u0130N AYDINLATMA METN\u0130\n<\/h2>\t\t<\/div>\n\t\t\t\t<\/div>\n\t\t\t\t\t<\/div>\n\t\t<\/div>\n\t\t\t\t\t\t\t<\/div>\n\t\t<\/section>\n\t\t\t\t<section class=\"elementor-section elementor-top-section elementor-element elementor-element-ced7741 elementor-section-boxed elementor-section-height-default elementor-section-height-default\" data-id=\"ced7741\" data-element_type=\"section\" data-settings=\"{&quot;_ha_eqh_enable&quot;:false}\">\n\t\t\t\t\t\t<div class=\"elementor-container elementor-column-gap-default\">\n\t\t\t\t\t<div class=\"elementor-column elementor-col-100 elementor-top-column elementor-element elementor-element-5a5c86d\" data-id=\"5a5c86d\" data-element_type=\"column\">\n\t\t\t<div class=\"elementor-widget-wrap elementor-element-populated\">\n\t\t\t\t\t\t\t\t<div class=\"elementor-element elementor-element-47772ba elementor-widget elementor-widget-text-editor\" data-id=\"47772ba\" data-element_type=\"widget\" data-widget_type=\"text-editor.default\">\n\t\t\t\t<div class=\"elementor-widget-container\">\n\t\t\t\t\t\t\t<p><strong>Akt\u00fcrk \u015eekerli Mam\u00fcller \u00dcretim ve Pazarlama \u0130n\u015faat Sanayi ve Ticaret Limited \u015eirketi,<\/strong> ki\u015fisel verilerinizin hukuka uygun olarak toplanmas\u0131, saklanmas\u0131 ve payla\u015f\u0131lmas\u0131n\u0131 sa\u011flamak ve gizlili\u011finizi korumak amac\u0131yla veri sorumlusu s\u0131fat\u0131yla azami g\u00fcvenlik tedbirlerini almaktad\u0131r. Amac\u0131m\u0131z; 6698 say\u0131l\u0131 \u201cKi\u015fisel Verilerin Korunmas\u0131 Kanunu\u2019nun 10. maddesi ve ilgili y\u00f6netmelikler uyar\u0131nca; ki\u015fisel verilerinizin al\u0131nma \u015fekilleri, i\u015flenme ama\u00e7lar\u0131, payla\u015f\u0131lan ki\u015filer, hukuki nedenleri ve haklar\u0131n\u0131z konular\u0131nda sizleri bilgilendirmek isteriz.<\/p><p><strong>Veri Sorumlusu:<\/strong><\/p><p>Akt\u00fcrk \u015eekerli Mam\u00fcller \u00dcretim ve Pazarlama \u0130n\u015faat Sanayi ve Ticaret Limited \u015eirketi<\/p><p><strong>Ki\u015fisel Verilerinizin \u0130\u015flenme Amac\u0131:<\/strong><\/p><p>Akt\u00fcrk \u015eekerli Mam\u00fcller \u00dcretim ve Pazarlama \u0130n\u015faat Sanayi ve Ticaret Limited \u015eirketi taraf\u0131ndan; m\u00fc\u015fterilerin, potansiyel m\u00fc\u015fterilerin, \u00e7al\u0131\u015fanlar\u0131n, \u00e7al\u0131\u015fan adaylar\u0131n\u0131n, stajyerlerin, stajyer adaylar\u0131n\u0131n, i\u015f ortaklar\u0131n\u0131n, internet sitesi ve ma\u011faza ziyaret\u00e7ilerinin, tedarik\u00e7i ve potansiyel tedarik\u00e7ilerinin ki\u015fisel verileri, 6698 Say\u0131l\u0131 Kanunun 5. ve 6. maddelerinde say\u0131lan ki\u015fisel veri i\u015fleme \u015fartlar\u0131 ve ama\u00e7lar\u0131 \u00e7er\u00e7evesinde toplanabilmektedir.<\/p><p>Toplanan ki\u015fisel verileriniz; Akt\u00fcrk \u015eekerli Mam\u00fcller \u00dcretim ve Pazarlama \u0130n\u015faat Sanayi ve Ticaret Limited \u015eirketi taraf\u0131ndan \u00fcr\u00fcn ve hizmetlerinin sizlere sunulabilmesi, sizlere kar\u015f\u0131 olan y\u00fck\u00fcml\u00fcl\u00fcklerimizin yerine getirilmesi, kay\u0131t ve belgelerin d\u00fczenlenebilmesi, ilgili kanun ve y\u00f6netmeliklerin \u00f6ng\u00f6rd\u00fc\u011f\u00fc bilgi saklama, raporlama, bilgilendirme, vergi ve sair y\u00fck\u00fcml\u00fcl\u00fcklere uyulmas\u0131, ticari faaliyetlerin ger\u00e7ekle\u015ftirilmesi i\u00e7in ilgili i\u015f birimleri taraf\u0131ndan gerekli \u00e7al\u0131\u015fmalar\u0131n yap\u0131lmas\u0131, buna ba\u011fl\u0131 i\u015f s\u00fcre\u00e7lerinin y\u00fcr\u00fct\u00fclmesi, hizmet ve \u00fcr\u00fcnlerin kalitesinin art\u0131r\u0131lmas\u0131na y\u00f6nelik yap\u0131lacak olan sat\u0131\u015f ve pazarlama faaliyetleri i\u00e7in yap\u0131lacak reklam, kampanya, gibi di\u011fer avantajlar\u0131 sunmak, \u015firketin sundu\u011fu hizmetlerin ilgili ki\u015filere \u00f6nerilmesi ve tan\u0131t\u0131lmas\u0131 i\u00e7in gerekli olan aktivitelerin planlanmas\u0131, m\u00fc\u015fteri memnuniyeti ve \u015fikayetlerinin takibi, hizmet ve \u00fcr\u00fcnler ile ilgili g\u00f6r\u00fc\u015f ve \u00f6nerilerinizi almak, memnuniyet ve \u015fikayetlerinize y\u00f6nelik taraf\u0131n\u0131z\u0131 bilgi vermek, s\u00f6zle\u015fme gerekliliklerini yerine getirmek, resmi kurum ve kurulu\u015flardan veya sizlerden gelen talepleri incelemek, de\u011ferlendirmek ve cevaplamak ama\u00e7lar\u0131yla ki\u015fisel verileriniz i\u015flenmektedir.<\/p><p><strong>Ki\u015fisel Verilerinizin Aktar\u0131lmas\u0131:<\/strong><\/p><p>Toplanan ki\u015fisel verileriniz; yukar\u0131da belirtilen ama\u00e7lar\u0131n ger\u00e7ekle\u015ftirilmesi ile s\u0131n\u0131rl\u0131 olmak \u00fczere; Akt\u00fcrk \u015eekerli Mam\u00fcller \u00dcretim ve Pazarlama \u0130n\u015faat Sanayi ve Ticaret Limited \u015eirketi i\u015f ortaklar\u0131na, hissedarlar\u0131na, T\u00fcrk Ticaret Kanunu, T\u00fcrk Bor\u00e7lar Kanunu, \u0130\u015f Kanunu ve ilgili sair di\u011fer mevzuat h\u00fck\u00fcmlerinin zorunlu k\u0131ld\u0131\u011f\u0131\/izin verdi\u011fi ki\u015fi veya kurulu\u015flara, Kanunen yetkili kamu kurum ve kurulu\u015flara, idari ve yasal mercilere, 6698 say\u0131l\u0131 Kanun\u2019un 8. ve 9. maddelerinde belirtilen ki\u015fisel veri i\u015fleme \u015fartlar\u0131 ve ama\u00e7lar\u0131 \u00e7er\u00e7evesinde aktar\u0131labilecektir.<\/p><p><strong>Ki\u015fisel Veri Sahibinin Konuya \u0130li\u015fkin R\u0131zas\u0131:<\/strong><\/p><p>6698 say\u0131l\u0131 Kanun\u2019un 5. maddesinin 2. f\u0131kras\u0131nda say\u0131lan hallerde ki\u015fisel verilerin kullan\u0131c\u0131lar\u0131n a\u00e7\u0131k r\u0131zas\u0131 aranmaks\u0131z\u0131n i\u015flenmesi m\u00fcmk\u00fcnd\u00fcr. Buna g\u00f6re,<\/p><ol><li>a) Kanunlarda a\u00e7\u0131k\u00e7a \u00f6ng\u00f6r\u00fclmesi.<\/li><li>b) Fiili imk\u00e2ns\u0131zl\u0131k nedeniyle r\u0131zas\u0131n\u0131 a\u00e7\u0131klayamayacak durumda bulunan veya r\u0131zas\u0131na hukuki ge\u00e7erlilik tan\u0131nmayan ki\u015finin kendisinin ya da bir ba\u015fkas\u0131n\u0131n hayat\u0131 veya beden b\u00fct\u00fcnl\u00fc\u011f\u00fcn\u00fcn korunmas\u0131 i\u00e7in zorunlu olmas\u0131.<\/li><li>c) Bir s\u00f6zle\u015fmenin kurulmas\u0131 veya ifas\u0131yla do\u011frudan do\u011fruya ilgili olmas\u0131 kayd\u0131yla, s\u00f6zle\u015fmenin taraflar\u0131na ait ki\u015fisel verilerin i\u015flenmesinin gerekli olmas\u0131.<\/li><\/ol><p>\u00e7) Veri sorumlusunun hukuki y\u00fck\u00fcml\u00fcl\u00fc\u011f\u00fcn\u00fc yerine getirebilmesi i\u00e7in zorunlu olmas\u0131.<\/p><ol><li>d) \u0130lgili ki\u015finin kendisi taraf\u0131ndan alenile\u015ftirilmi\u015f olmas\u0131.<\/li><li>e) Bir hakk\u0131n tesisi, kullan\u0131lmas\u0131 veya korunmas\u0131 i\u00e7in veri i\u015flemenin zorunlu olmas\u0131.<\/li><li>f) \u0130lgili ki\u015finin temel hak ve \u00f6zg\u00fcrl\u00fcklerine zarar vermemek kayd\u0131yla, veri sorumlusunun me\u015fru menfaatleri i\u00e7in veri i\u015flenmesinin zorunlu olmas\u0131 durumlar\u0131nda kullan\u0131c\u0131lardan a\u00e7\u0131k r\u0131za al\u0131nmas\u0131na gerek bulunmamaktad\u0131r. Ki\u015fisel verilerin Akt\u00fcrk \u015eekerli Mam\u00fcller \u00dcretim ve Pazarlama \u0130n\u015faat Sanayi ve Ticaret Limited \u015eirketi, taraf\u0131ndan kay\u0131t edildi\u011fi haller esas olarak bu muafiyetler kapsam\u0131nda yer almakta ve istisnai olarak muafiyet d\u0131\u015f\u0131 kalan hallerde ise ilgili ki\u015finin a\u00e7\u0131k r\u0131zas\u0131 al\u0131nmaks\u0131z\u0131n veri kayd\u0131 yap\u0131lmamaktad\u0131r. \u0130lgililere ait ki\u015fisel veriler \u015firketimize ait ki\u015fisel veri saklama ve imha politikas\u0131na uygun olarak muhafaza edilmekte ve saklama s\u00fcresinin sona ermesi halinde ilk imha d\u00f6neminde silinmektedir.<\/li><\/ol><p><strong>Ki\u015fisel Verilerin Toplanma Y\u00f6ntemi ve Hukuki Sebebi:<\/strong><\/p><p>Ki\u015fisel verileriniz, ma\u011fazalar\u0131m\u0131z ve internet sitemizden s\u00f6zl\u00fc, yaz\u0131l\u0131 veya elektronik ortamda Akt\u00fcrk \u015eekerli Mam\u00fcller \u00dcretim ve Pazarlama \u0130n\u015faat Sanayi ve Ticaret Limited \u015eirketi taraf\u0131ndan yasal mevzuat \u00e7er\u00e7evesinde yukar\u0131da belirtilen ama\u00e7larla; elektronik ortamda tamamen otomatik yollarla ve\/veya fiziki ortamda veri kay\u0131t sisteminin bir par\u00e7as\u0131 olarak yar\u0131 otomatik yollarla toplanmaktad\u0131r. Yukar\u0131da say\u0131lan hukuki sebeplerle toplanan Ki\u015fisel Verilerin Korunmas\u0131 Kanunu\u2019nun 5. ve 6. maddelerinde ve i\u015f bu ayd\u0131nlatma metninde belirtilen ama\u00e7larla i\u015flenebilmekte ve yine an\u0131lan kanunun 8. ve 9. maddelerine uygun \u015fekilde aktar\u0131labilmektedir.<\/p><p><strong>Ki\u015fisel Veri Sahibinin Haklar\u0131:<\/strong><\/p><p>6698 Say\u0131l\u0131 Kanunun 11. Maddesi uyar\u0131nca ki\u015fisel veri sahipleri;<\/p><ol><li>a) Ki\u015fisel verilerinin i\u015flenip i\u015flenmedi\u011fini \u00f6\u011frenme,<\/li><li>b) Ki\u015fisel verileri i\u015flenmi\u015fse buna ili\u015fkin bilgi talep etme,<\/li><li>c) Ki\u015fisel verilerin i\u015flenme amac\u0131n\u0131 ve bunlar\u0131n amac\u0131na uygun kullan\u0131l\u0131p kullan\u0131lmad\u0131\u011f\u0131n\u0131 \u00f6\u011frenme,<\/li><\/ol><p>\u00e7) Yurt i\u00e7inde veya yurt d\u0131\u015f\u0131nda ki\u015fisel verilerin aktar\u0131ld\u0131\u011f\u0131 \u00fc\u00e7\u00fcnc\u00fc ki\u015fileri bilme,<\/p><ol><li>d) Ki\u015fisel verilerin eksik veya yanl\u0131\u015f i\u015flenmi\u015f olmas\u0131 h\u00e2linde bunlar\u0131n d\u00fczeltilmesini isteme,<\/li><li>e) 7 nci maddede \u00f6ng\u00f6r\u00fclen \u015fartlar \u00e7er\u00e7evesinde ki\u015fisel verilerinin silinmesini veya yok edilmesini isteme,<\/li><li>f) ( d ) ve ( e ) bentleri uyar\u0131nca yap\u0131lan i\u015flemlerin, ki\u015fisel verilerin aktar\u0131ld\u0131\u011f\u0131 \u00fc\u00e7\u00fcnc\u00fc ki\u015filerin bildirilmesini isteme,<\/li><li>g) \u0130\u015flenen verilerin m\u00fcnhas\u0131ran otomatik sistemler vas\u0131tas\u0131yla analiz edilmesi suretiyle ki\u015finin kendisi aleyhine bir sonucun ortaya \u00e7\u0131kmas\u0131na itiraz etme,<\/li><\/ol><p>\u011f) Ki\u015fisel verilerin kanuna ayk\u0131r\u0131 olarak i\u015flenmesi sebebiyle zarara u\u011framas\u0131 halinde zarar\u0131n giderilmesini talep etme haklar\u0131na sahiptir.<\/p><p>Ki\u015fisel veri sahipleri olarak, haklar\u0131n\u0131za ili\u015fkin taleplerinizi a\u015fa\u011f\u0131da d\u00fczenlenen y\u00f6ntemlerle taraf\u0131m\u0131za iletmeniz durumunda taraf\u0131m\u0131zca talebin niteli\u011fine g\u00f6re talep en k\u0131sa s\u00fcrede ve en ge\u00e7 otuz g\u00fcn i\u00e7inde sonu\u00e7land\u0131racakt\u0131r. Verilecek cevapta on sayfaya kadar \u00fccret al\u0131nmayacakt\u0131r. On sayfan\u0131n \u00fczerindeki her sayfa i\u00e7in 1 T\u00fcrk Liras\u0131 i\u015flem \u00fccreti al\u0131nacakt\u0131r. Ba\u015fvuruya cevab\u0131n CD, flash bellek gibi bir kay\u0131t ortam\u0131nda verilmesi halinde Akt\u00fcrk \u015eekerli Mam\u00fcller \u00dcretim ve Pazarlama \u0130n\u015faat Sanayi ve Ticaret Limited \u015eirketi taraf\u0131ndan talep edilebilecek \u00fccret kay\u0131t ortam\u0131n\u0131n maliyetini ge\u00e7meyecektir.<\/p><p>Yukar\u0131da belirtilen haklar\u0131n\u0131z\u0131 kullanma ile ilgili talebinizi, 6698 say\u0131l\u0131 Kanununun 13. Maddesi ve 22. Maddesinin 1. F\u0131kras\u0131n\u0131n (e) ve (g) bentlerine dayan\u0131larak y\u00fcr\u00fcrl\u00fc\u011fe giren 10 Mart 2018 Tarih 30356 say\u0131l\u0131 \u201cVeri Sorumlusuna Ba\u015fvuru Usul ve Esaslar\u0131 Hakk\u0131nda Tebli\u011f\u201d gere\u011fince T\u00fcrk\u00e7e ve yaz\u0131l\u0131 olarak veya kay\u0131tl\u0131 elektronik posta (KEP) adresi, g\u00fcvenli elektronik imza, mobil imza ya da taraf\u0131m\u0131za daha \u00f6nceden bildirilen ve sistemimizde kay\u0131tl\u0131 bulunan elektronik posta adresini kullanmak suretiyle iletebilirsiniz. Taraf\u0131n\u0131za cevap vermeden \u00f6nce kimli\u011finizi do\u011frulama hakk\u0131m\u0131z sakl\u0131d\u0131r.<\/p><p>10 Mart 2018 Tarih 30356 say\u0131l\u0131 Veri Sorumlusuna Ba\u015fvuru Usul ve Esaslar\u0131 Hakk\u0131nda Tebli\u011fin 5. Maddesi uyar\u0131ca;<\/p><p>Ba\u015fvurunuzda;<\/p><ol><li>a) Ad\u0131n\u0131z\u0131n, soyad\u0131n\u0131z\u0131n ve ba\u015fvuru yaz\u0131l\u0131 ise imzan\u0131z\u0131n,<\/li><li>b) T\u00fcrkiye Cumhuriyeti vatanda\u015flar\u0131 i\u00e7in T.C. kimlik numaran\u0131z\u0131n, yabanc\u0131 iseniz uyru\u011funuzun, pasaport numaran\u0131z\u0131n veya varsa kimlik numaran\u0131z\u0131n,<\/li><li>c) Tebligata esas yerle\u015fim yeri veya i\u015f yeri adresinizin,<\/li><\/ol><p>\u00e7) Varsa bildirime esas elektronik posta adresi, telefon ve faks numaran\u0131z\u0131n,<\/p><ol><li>d) Talep konunuzun bulunmas\u0131 zorunludur. Ayr\u0131ca varsa konuya ili\u015fkin bilgi ve belgelerin de ba\u015fvuruya eklenmesi gerekmektedir.<\/li><\/ol><p>Yaz\u0131l\u0131 olarak yapmak istedi\u011finiz ba\u015fvurular\u0131n\u0131z\u0131, gerekli belgeleri ekleyerek veri sorumlusu olarak Akt\u00fcrk \u015eekerli Mam\u00fcller \u00dcretim ve Pazarlama \u0130n\u015faat Sanayi ve Ticaret Limited \u015eirketi\u2019nin Macun Mahallesi 223. Cadde No: 12 Yenimahalle \/ Ankara adresine verebilirsiniz. Ba\u015fvuru formuna http:\/\/www.akturkhelva.com.tr internet sitemizden ula\u015fabilirsiniz.<\/p><p>E-posta yoluyla yapmak istedi\u011finiz ba\u015fvurular\u0131n\u0131z <strong>kvkk@akturkhelva.com<\/strong> e-posta adresine yapabilirsiniz. Talebinizin niteli\u011fine g\u00f6re bilgi ve belgelerin eksiksiz ve do\u011fru olarak taraf\u0131m\u0131za sa\u011flanmas\u0131 gerekmektedir. \u0130stenilen bilgi ve belgelerin gere\u011fi gibi sa\u011flanmamas\u0131 durumunda, Akt\u00fcrk \u015eekerli Mam\u00fcller \u00dcretim ve Pazarlama \u0130n\u015faat Sanayi ve Ticaret Limited \u015eirketi taraf\u0131ndan talebinize istinaden yap\u0131lacak ara\u015ft\u0131rmalar\u0131n tam ve nitelikli \u015fekilde y\u00fcr\u00fct\u00fclmesinde aksakl\u0131klar ya\u015fanabilecektir. Bu durumda, Akt\u00fcrk \u015eekerli Mam\u00fcller \u00dcretim ve Pazarlama \u0130n\u015faat Sanayi ve Ticaret Limited \u015eirketi olarak kanuni haklar\u0131m\u0131z\u0131 sakl\u0131 tuttu\u011fumuzu beyan ederiz. Ba\u015fvurunuzun talebinizin niteli\u011fine g\u00f6re eksiksiz ve istenilen bilgileri ve belgeleri i\u00e7erecek \u015fekilde g\u00f6nderilmesi gerekmektedir.<\/p>\t\t\t\t\t\t<\/div>\n\t\t\t\t<\/div>\n\t\t\t\t\t<\/div>\n\t\t<\/div>\n\t\t\t\t\t\t\t<\/div>\n\t\t<\/section>\n\t\t\t\t\t\t\t<\/div>\n\t\t","protected":false},"excerpt":{"rendered":"<p>K\u0130\u015e\u0130SEL VER\u0130LER\u0130N KORUNMASI VE \u0130\u015eLENMES\u0130NE \u0130L\u0130\u015eK\u0130N AYDINLATMA METN\u0130 Akt\u00fcrk \u015eekerli Mam\u00fcller \u00dcretim ve Pazarlama \u0130n\u015faat Sanayi ve Ticaret Limited \u015eirketi, ki\u015fisel verilerinizin hukuka uygun olarak toplanmas\u0131, saklanmas\u0131 ve payla\u015f\u0131lmas\u0131n\u0131 sa\u011flamak ve gizlili\u011finizi korumak amac\u0131yla veri sorumlusu s\u0131fat\u0131yla azami g\u00fcvenlik tedbirlerini almaktad\u0131r. Amac\u0131m\u0131z; 6698 say\u0131l\u0131 \u201cKi\u015fisel Verilerin Korunmas\u0131 Kanunu\u2019nun 10. maddesi ve ilgili y\u00f6netmelikler uyar\u0131nca; ki\u015fisel &hellip;<\/p>\n<p class=\"read-more\"> <a class=\"\" href=\"https:\/\/akturkhelva.com\/index.php\/kvkk-aydinlatma-metni\/\"> <span class=\"screen-reader-text\">KVKK Ayd\u0131nlatma Metni<\/span> Devam\u0131 &raquo;<\/a><\/p>\n","protected":false},"author":1,"featured_media":0,"parent":0,"menu_order":0,"comment_status":"closed","ping_status":"closed","template":"","meta":{"site-sidebar-layout":"left-sidebar","site-content-layout":"plain-container","ast-global-header-display":"","ast-main-header-display":"","ast-hfb-above-header-display":"","ast-hfb-below-header-display":"","ast-hfb-mobile-header-display":"","site-post-title":"disabled","ast-breadcrumbs-content":"","ast-featured-img":"disabled","footer-sml-layout":"","theme-transparent-header-meta":"default","adv-header-id-meta":"","stick-header-meta":"","header-above-stick-meta":"","header-main-stick-meta":"","header-below-stick-meta":""},"_links":{"self":[{"href":"https:\/\/akturkhelva.com\/index.php\/wp-json\/wp\/v2\/pages\/1164"}],"collection":[{"href":"https:\/\/akturkhelva.com\/index.php\/wp-json\/wp\/v2\/pages"}],"about":[{"href":"https:\/\/akturkhelva.com\/index.php\/wp-json\/wp\/v2\/types\/page"}],"author":[{"embeddable":true,"href":"https:\/\/akturkhelva.com\/index.php\/wp-json\/wp\/v2\/users\/1"}],"replies":[{"embeddable":true,"href":"https:\/\/akturkhelva.com\/index.php\/wp-json\/wp\/v2\/comments?post=1164"}],"version-history":[{"count":13,"href":"https:\/\/akturkhelva.com\/index.php\/wp-json\/wp\/v2\/pages\/1164\/revisions"}],"predecessor-version":[{"id":1292,"href":"https:\/\/akturkhelva.com\/index.php\/wp-json\/wp\/v2\/pages\/1164\/revisions\/1292"}],"wp:attachment":[{"href":"https:\/\/akturkhelva.com\/index.php\/wp-json\/wp\/v2\/media?parent=1164"}],"curies":[{"name":"wp","href":"https:\/\/api.w.org\/{rel}","templated":true}]}}