{"id":1352,"date":"2023-02-24T07:36:15","date_gmt":"2023-02-24T07:36:15","guid":{"rendered":"https:\/\/akturkhelva.com\/?page_id=1352"},"modified":"2023-02-24T07:37:40","modified_gmt":"2023-02-24T07:37:40","slug":"gida-guvenligi-ve-helal-politikamiz","status":"publish","type":"page","link":"https:\/\/akturkhelva.com\/index.php\/gida-guvenligi-ve-helal-politikamiz\/","title":{"rendered":"G\u0131da G\u00fcvenli\u011fi ve Helal Politikam\u0131z"},"content":{"rendered":"\t\t<div data-elementor-type=\"wp-page\" data-elementor-id=\"1352\" class=\"elementor elementor-1352\">\n\t\t\t\t\t\t\t\t\t<section class=\"elementor-section elementor-top-section elementor-element elementor-element-e73cc15 elementor-section-boxed elementor-section-height-default elementor-section-height-default\" data-id=\"e73cc15\" data-element_type=\"section\" data-settings=\"{&quot;_ha_eqh_enable&quot;:false}\">\n\t\t\t\t\t\t<div class=\"elementor-container elementor-column-gap-default\">\n\t\t\t\t\t<div class=\"elementor-column elementor-col-100 elementor-top-column elementor-element elementor-element-3f6d5ba\" data-id=\"3f6d5ba\" data-element_type=\"column\">\n\t\t\t<div class=\"elementor-widget-wrap elementor-element-populated\">\n\t\t\t\t\t\t\t\t<div class=\"elementor-element elementor-element-fcfa204 elementor-widget elementor-widget-heading\" data-id=\"fcfa204\" data-element_type=\"widget\" data-widget_type=\"heading.default\">\n\t\t\t\t<div class=\"elementor-widget-container\">\n\t\t\t<h2 class=\"elementor-heading-title elementor-size-default\">G\u0131da G\u00fcvenli\u011fi ve Helal Politikam\u0131z<\/h2>\t\t<\/div>\n\t\t\t\t<\/div>\n\t\t\t\t\t<\/div>\n\t\t<\/div>\n\t\t\t\t\t\t\t<\/div>\n\t\t<\/section>\n\t\t\t\t<section class=\"elementor-section elementor-top-section elementor-element elementor-element-ced7741 elementor-section-boxed elementor-section-height-default elementor-section-height-default\" data-id=\"ced7741\" data-element_type=\"section\" data-settings=\"{&quot;_ha_eqh_enable&quot;:false}\">\n\t\t\t\t\t\t<div class=\"elementor-container elementor-column-gap-default\">\n\t\t\t\t\t<div class=\"elementor-column elementor-col-100 elementor-top-column elementor-element elementor-element-5a5c86d\" data-id=\"5a5c86d\" data-element_type=\"column\">\n\t\t\t<div class=\"elementor-widget-wrap elementor-element-populated\">\n\t\t\t\t\t\t\t\t<div class=\"elementor-element elementor-element-47772ba elementor-widget elementor-widget-text-editor\" data-id=\"47772ba\" data-element_type=\"widget\" data-widget_type=\"text-editor.default\">\n\t\t\t\t<div class=\"elementor-widget-container\">\n\t\t\t\t\t\t\t<p class=\"MsoNormal\" style=\"margin-left: -1.0cm; text-align: center; line-height: 150%;\" align=\"center\"><span style=\"font-size: 14.0pt; line-height: 150%; mso-bidi-font-weight: bold;\">Tan\u0131mlanm\u0131\u015f ve \u00f6l\u00e7\u00fclebilir kalite kriterlerine uygun, fiziksel, kimyasal veya mikrobiyolojik a\u00e7\u0131dan herhangi bir bula\u015fma olmam\u0131\u015f, <\/span><\/p><p class=\"MsoNormal\" style=\"margin-left: -1.0cm; text-align: center; line-height: 150%;\" align=\"center\"><span style=\"font-size: 14.0pt; line-height: 150%; mso-bidi-font-weight: bold;\">insan sa\u011fl\u0131\u011f\u0131n\u0131 tehlikeye sokmayacak, m\u00fc\u015fteri talep ve beklentilerine uygun, helal gereklilikleri kar\u015f\u0131layan \u00fcr\u00fcnlerin \u00fcretilmesini ve m\u00fc\u015fteriye sunulmas\u0131n\u0131 sa\u011flamak,<\/span><\/p><p class=\"MsoNormal\" style=\"margin-left: -1.0cm; text-align: center; line-height: 150%;\" align=\"center\"><span style=\"font-size: 14.0pt; line-height: 150%; mso-bidi-font-weight: bold;\">\u0130yi \u00fcretim, iyi hijyen uygulamalar\u0131 ve uygun \u00e7evre \u015fartlar\u0131n\u0131 sa\u011flamak,<\/span><\/p><p class=\"MsoNormal\" style=\"margin-left: -1.0cm; text-align: center; line-height: 150%;\" align=\"center\"><span style=\"font-size: 14.0pt; line-height: 150%; mso-bidi-font-weight: bold;\">G\u0131da g\u00fcvenli\u011fi y\u00f6netim sisteminin ve helal y\u00f6netim sisteminin s\u00fcrekli iyile\u015ftirilmesini,\u00a0geli\u015ftirilmesini\u00a0ve etkinli\u011fini art\u0131rmak,<\/span><\/p><p class=\"MsoNormal\" style=\"margin-left: -1.0cm; text-align: center; line-height: 150%;\" align=\"center\"><span style=\"font-size: 14.0pt; line-height: 150%; mso-bidi-font-weight: bold;\">Yasal ve d\u00fczenleyici \u015fartlara uygunlu\u011fu sa\u011flamak, <\/span><\/p><p class=\"MsoNormal\" style=\"margin-left: -1.0cm; text-align: center; line-height: 150%;\" align=\"center\"><span style=\"font-size: 14.0pt; line-height: 150%; mso-bidi-font-weight: bold;\">sekt\u00f6rdeki \u00f6nc\u00fcl\u00fc\u011f\u00fcm\u00fcz\u00fc devam ettirmek,<\/span><\/p><p class=\"MsoNormal\" style=\"margin-left: -1.0cm; text-align: center; line-height: 150%;\" align=\"center\"><span style=\"font-size: 14.0pt; line-height: 150%; mso-bidi-font-weight: bold;\">Her kademede e\u011fitimli, bilin\u00e7li ve etik olarak <\/span><\/p><p class=\"MsoNormal\" style=\"margin-left: -1.0cm; text-align: center; line-height: 150%;\" align=\"center\"><span style=\"font-size: 14.0pt; line-height: 150%; mso-bidi-font-weight: bold;\">\u0130slami i\u015f ahlak\u0131na sad\u0131k personel yakla\u015f\u0131m\u0131n\u0131 benimsemek ve uygulamak,<\/span><\/p><p class=\"MsoNormal\" style=\"margin-left: -1.0cm; text-align: center; line-height: 150%;\" align=\"center\"><span style=\"font-size: 14.0pt; line-height: 150%; mso-bidi-font-weight: bold;\">Personelin bilgi ve beceri d\u00fczeylerinin art\u0131r\u0131lmas\u0131 y\u00f6n\u00fcnde <\/span><\/p><p class=\"MsoNormal\" style=\"margin-left: -1.0cm; text-align: center; line-height: 150%;\" align=\"center\"><span style=\"font-size: 14.0pt; line-height: 150%; mso-bidi-font-weight: bold;\">s\u00fcrekli e\u011fitim faaliyetlerinde bulunmak,<\/span><\/p><p class=\"MsoNormal\" style=\"margin-left: -1.0cm; text-align: center; line-height: 150%;\" align=\"center\"><span style=\"font-size: 14.0pt; line-height: 150%; mso-bidi-font-weight: bold;\">Teknolojik geli\u015fmeleri takip ederek i\u015fletme verimlili\u011fini s\u00fcrekli art\u0131rmak,<\/span><\/p><p class=\"MsoNormal\" style=\"margin-left: -1.0cm; text-align: center; line-height: 150%;\" align=\"center\"><span style=\"font-size: 14.0pt; line-height: 150%; mso-bidi-font-weight: bold;\">Yeterlilik\/sorumluluk\/risk temelli yakla\u015f\u0131m\/\u0130slami hassasiyet\/\u0130slami de\u011ferlere ba\u011fl\u0131l\u0131k ilkelerini t\u00fcm etkinliklerimizde temel almak,<\/span><\/p><p class=\"MsoNormal\" style=\"margin-left: -1.0cm; text-align: center; line-height: 150%;\" align=\"center\"><span style=\"font-size: 14.0pt; line-height: 150%; mso-bidi-font-weight: bold;\">G\u0131da g\u00fcvenli\u011fi ile ilgili konularda, g\u0131da zincirinde yer alan tedarik\u00e7i, <\/span><\/p><p class=\"MsoNormal\" style=\"margin-left: -1.0cm; text-align: center; line-height: 150%;\" align=\"center\"><span style=\"font-size: 14.0pt; line-height: 150%; mso-bidi-font-weight: bold;\">m\u00fc\u015fteri ve ilgili birimler ile etkin bir ileti\u015fim kurmak ve s\u00fcrd\u00fcr\u00fclmesini sa\u011flamakt\u0131r<b>.<\/b><\/span><\/p><p class=\"MsoNormal\" style=\"margin-left: -1.0cm;\"><span style=\"font-size: 14.0pt;\">\u00a0<\/span><\/p><p class=\"MsoNormal\" style=\"margin-left: -1.0cm;\"><span style=\"font-size: 14.0pt;\">\u00a0<\/span><\/p><p class=\"MsoNormal\" style=\"margin-left: -1.0cm;\"><span style=\"font-size: 14.0pt;\">\u00a0<\/span><\/p><p class=\"MsoNormal\" style=\"margin-left: -1.0cm; tab-stops: 397.5pt;\"><span style=\"font-size: 14.0pt;\">\u00a0\u00a0\u00a0\u00a0\u00a0\u00a0\u00a0\u00a0\u00a0\u00a0\u00a0\u00a0\u00a0\u00a0\u00a0\u00a0\u00a0\u00a0\u00a0\u00a0\u00a0\u00a0\u00a0\u00a0\u00a0\u00a0\u00a0\u00a0\u00a0\u00a0\u00a0\u00a0\u00a0\u00a0 \u00a0\u00a0\u00a0\u00a0\u00a0\u00a0\u00a0\u00a0\u00a0\u00a0\u00a0\u00a0\u00a0\u00a0\u00a0\u00a0\u00a0\u00a0\u00a0\u00a0\u00a0\u00a0\u00a0\u00a0\u00a0\u00a0\u00a0\u00a0\u00a0\u00a0\u00a0\u00a0\u00a0\u00a0\u00a0\u00a0\u00a0\u00a0\u00a0\u00a0\u00a0\u00a0\u00a0\u00a0\u00a0\u00a0\u00a0\u00a0\u00a0\u00a0\u00a0\u00a0\u00a0\u00a0\u00a0\u00a0\u00a0\u00a0\u00a0\u00a0\u00a0\u00a0\u00a0\u00a0\u00a0\u00a0\u00a0\u00a0\u00a0\u00a0\u00a0\u00a0\u00a0\u00a0\u00a0\u00a0\u00a0\u00a0\u00a0\u00a0\u00a0\u00a0\u00a0\u00a0\u00a0\u00a010.08.2022<\/span><\/p><p>\u00a0<\/p><p class=\"MsoNormal\" style=\"margin-left: -1.0cm; tab-stops: 389.3pt;\"><span style=\"font-size: 14.0pt;\">\u00a0\u00a0\u00a0\u00a0\u00a0\u00a0\u00a0\u00a0\u00a0\u00a0\u00a0\u00a0\u00a0\u00a0\u00a0\u00a0\u00a0\u00a0\u00a0\u00a0\u00a0\u00a0\u00a0\u00a0\u00a0\u00a0\u00a0\u00a0\u00a0\u00a0\u00a0\u00a0\u00a0\u00a0\u00a0\u00a0\u00a0\u00a0\u00a0\u00a0\u00a0\u00a0\u00a0\u00a0\u00a0\u00a0\u00a0\u00a0\u00a0\u00a0\u00a0\u00a0\u00a0\u00a0\u00a0\u00a0\u00a0\u00a0\u00a0\u00a0\u00a0\u00a0\u00a0\u00a0\u00a0\u00a0\u00a0\u00a0\u00a0\u00a0\u00a0\u00a0\u00a0\u00a0\u00a0\u00a0\u00a0\u00a0\u00a0\u00a0\u00a0\u00a0\u00a0\u00a0 \u00a0\u00a0\u00a0\u00a0\u00a0\u00a0\u00a0\u00a0\u00a0\u00a0\u00a0\u00a0\u00a0\u00a0\u00a0\u00a0\u00a0\u00a0\u00a0\u00a0\u00a0\u00a0\u00a0\u00a0\u00a0\u00a0\u00a0\u00a0\u00a0\u00a0GENEL M\u00dcD\u00dcR<\/span><\/p>\t\t\t\t\t\t<\/div>\n\t\t\t\t<\/div>\n\t\t\t\t\t<\/div>\n\t\t<\/div>\n\t\t\t\t\t\t\t<\/div>\n\t\t<\/section>\n\t\t\t\t\t\t\t<\/div>\n\t\t","protected":false},"excerpt":{"rendered":"<p>G\u0131da G\u00fcvenli\u011fi ve Helal Politikam\u0131z Tan\u0131mlanm\u0131\u015f ve \u00f6l\u00e7\u00fclebilir kalite kriterlerine uygun, fiziksel, kimyasal veya mikrobiyolojik a\u00e7\u0131dan herhangi bir bula\u015fma olmam\u0131\u015f, insan sa\u011fl\u0131\u011f\u0131n\u0131 tehlikeye sokmayacak, m\u00fc\u015fteri talep ve beklentilerine uygun, helal gereklilikleri kar\u015f\u0131layan \u00fcr\u00fcnlerin \u00fcretilmesini ve m\u00fc\u015fteriye sunulmas\u0131n\u0131 sa\u011flamak, \u0130yi \u00fcretim, iyi hijyen uygulamalar\u0131 ve uygun \u00e7evre \u015fartlar\u0131n\u0131 sa\u011flamak, G\u0131da g\u00fcvenli\u011fi y\u00f6netim sisteminin ve helal y\u00f6netim &hellip;<\/p>\n<p class=\"read-more\"> <a class=\"\" href=\"https:\/\/akturkhelva.com\/index.php\/gida-guvenligi-ve-helal-politikamiz\/\"> <span class=\"screen-reader-text\">G\u0131da G\u00fcvenli\u011fi ve Helal Politikam\u0131z<\/span> Devam\u0131 &raquo;<\/a><\/p>\n","protected":false},"author":1,"featured_media":0,"parent":0,"menu_order":0,"comment_status":"closed","ping_status":"closed","template":"","meta":{"site-sidebar-layout":"left-sidebar","site-content-layout":"plain-container","ast-global-header-display":"","ast-main-header-display":"","ast-hfb-above-header-display":"","ast-hfb-below-header-display":"","ast-hfb-mobile-header-display":"","site-post-title":"disabled","ast-breadcrumbs-content":"","ast-featured-img":"disabled","footer-sml-layout":"","theme-transparent-header-meta":"default","adv-header-id-meta":"","stick-header-meta":"","header-above-stick-meta":"","header-main-stick-meta":"","header-below-stick-meta":""},"_links":{"self":[{"href":"https:\/\/akturkhelva.com\/index.php\/wp-json\/wp\/v2\/pages\/1352"}],"collection":[{"href":"https:\/\/akturkhelva.com\/index.php\/wp-json\/wp\/v2\/pages"}],"about":[{"href":"https:\/\/akturkhelva.com\/index.php\/wp-json\/wp\/v2\/types\/page"}],"author":[{"embeddable":true,"href":"https:\/\/akturkhelva.com\/index.php\/wp-json\/wp\/v2\/users\/1"}],"replies":[{"embeddable":true,"href":"https:\/\/akturkhelva.com\/index.php\/wp-json\/wp\/v2\/comments?post=1352"}],"version-history":[{"count":4,"href":"https:\/\/akturkhelva.com\/index.php\/wp-json\/wp\/v2\/pages\/1352\/revisions"}],"predecessor-version":[{"id":1356,"href":"https:\/\/akturkhelva.com\/index.php\/wp-json\/wp\/v2\/pages\/1352\/revisions\/1356"}],"wp:attachment":[{"href":"https:\/\/akturkhelva.com\/index.php\/wp-json\/wp\/v2\/media?parent=1352"}],"curies":[{"name":"wp","href":"https:\/\/api.w.org\/{rel}","templated":true}]}}