{"id":1028,"date":"2021-07-08T03:07:56","date_gmt":"2021-07-08T03:07:56","guid":{"rendered":"https:\/\/akturkhelva.com\/?post_type=product&#038;p=1028"},"modified":"2021-12-22T18:56:21","modified_gmt":"2021-12-22T18:56:21","slug":"380gr-uzum-pekmezi","status":"publish","type":"product","link":"https:\/\/akturkhelva.com\/index.php\/urun\/380gr-uzum-pekmezi\/","title":{"rendered":"380gr \u00dcz\u00fcm Pekmezi"},"content":{"rendered":"","protected":false},"excerpt":{"rendered":"<p>380gr \u00dcz\u00fcm Pekmezi<br \/>\nKavanoz<br \/>\nKoli \u0130\u00e7i: 6 ad.<br \/>\nPalette Koli ad. 290<\/p>\n","protected":false},"featured_media":861,"template":"","meta":{"site-sidebar-layout":"right-sidebar","site-content-layout":"default","ast-global-header-display":"","ast-main-header-display":"","ast-hfb-above-header-display":"","ast-hfb-below-header-display":"","ast-hfb-mobile-header-display":"","site-post-title":"","ast-breadcrumbs-content":"","ast-featured-img":"","footer-sml-layout":"","theme-transparent-header-meta":"default","adv-header-id-meta":"","stick-header-meta":"","header-above-stick-meta":"","header-main-stick-meta":"","header-below-stick-meta":""},"product_cat":[43],"product_tag":[44],"_links":{"self":[{"href":"https:\/\/akturkhelva.com\/index.php\/wp-json\/wp\/v2\/product\/1028"}],"collection":[{"href":"https:\/\/akturkhelva.com\/index.php\/wp-json\/wp\/v2\/product"}],"about":[{"href":"https:\/\/akturkhelva.com\/index.php\/wp-json\/wp\/v2\/types\/product"}],"wp:featuredmedia":[{"embeddable":true,"href":"https:\/\/akturkhelva.com\/index.php\/wp-json\/wp\/v2\/media\/861"}],"wp:attachment":[{"href":"https:\/\/akturkhelva.com\/index.php\/wp-json\/wp\/v2\/media?parent=1028"}],"wp:term":[{"taxonomy":"product_cat","embeddable":true,"href":"https:\/\/akturkhelva.com\/index.php\/wp-json\/wp\/v2\/product_cat?post=1028"},{"taxonomy":"product_tag","embeddable":true,"href":"https:\/\/akturkhelva.com\/index.php\/wp-json\/wp\/v2\/product_tag?post=1028"}],"curies":[{"name":"wp","href":"https:\/\/api.w.org\/{rel}","templated":true}]}}