{"id":1059,"date":"2021-07-08T03:08:06","date_gmt":"2021-07-08T03:08:06","guid":{"rendered":"https:\/\/akturkhelva.com\/?post_type=product&#038;p=1059"},"modified":"2021-12-22T18:59:17","modified_gmt":"2021-12-22T18:59:17","slug":"yer-fistikli-cezerye","status":"publish","type":"product","link":"https:\/\/akturkhelva.com\/index.php\/urun\/yer-fistikli-cezerye\/","title":{"rendered":"Yer F\u0131st\u0131kl\u0131 Cezerye"},"content":{"rendered":"","protected":false},"excerpt":{"rendered":"<p>Yer F\u0131st\u0131kl\u0131 Cezerye 6kg<br \/>\nKoli \u0130\u00e7i: 1 ad.<br \/>\nPalette Koli ad. 108<\/p>\n","protected":false},"featured_media":0,"template":"","meta":{"site-sidebar-layout":"right-sidebar","site-content-layout":"default","ast-global-header-display":"","ast-main-header-display":"","ast-hfb-above-header-display":"","ast-hfb-below-header-display":"","ast-hfb-mobile-header-display":"","site-post-title":"","ast-breadcrumbs-content":"","ast-featured-img":"","footer-sml-layout":"","theme-transparent-header-meta":"default","adv-header-id-meta":"","stick-header-meta":"","header-above-stick-meta":"","header-main-stick-meta":"","header-below-stick-meta":""},"product_cat":[45],"product_tag":[46],"_links":{"self":[{"href":"https:\/\/akturkhelva.com\/index.php\/wp-json\/wp\/v2\/product\/1059"}],"collection":[{"href":"https:\/\/akturkhelva.com\/index.php\/wp-json\/wp\/v2\/product"}],"about":[{"href":"https:\/\/akturkhelva.com\/index.php\/wp-json\/wp\/v2\/types\/product"}],"wp:attachment":[{"href":"https:\/\/akturkhelva.com\/index.php\/wp-json\/wp\/v2\/media?parent=1059"}],"wp:term":[{"taxonomy":"product_cat","embeddable":true,"href":"https:\/\/akturkhelva.com\/index.php\/wp-json\/wp\/v2\/product_cat?post=1059"},{"taxonomy":"product_tag","embeddable":true,"href":"https:\/\/akturkhelva.com\/index.php\/wp-json\/wp\/v2\/product_tag?post=1059"}],"curies":[{"name":"wp","href":"https:\/\/api.w.org\/{rel}","templated":true}]}}