{"id":1074,"date":"2021-07-08T03:08:07","date_gmt":"2021-07-08T03:08:07","guid":{"rendered":"https:\/\/akturkhelva.com\/?post_type=product&#038;p=1074"},"modified":"2022-04-23T23:00:25","modified_gmt":"2022-04-23T23:00:25","slug":"a-fistikli-cekme-helva","status":"publish","type":"product","link":"https:\/\/akturkhelva.com\/index.php\/urun\/a-fistikli-cekme-helva\/","title":{"rendered":"A.F\u0131st\u0131kl\u0131 \u00c7ekme Helva"},"content":{"rendered":"","protected":false},"excerpt":{"rendered":"<p>A.F\u0131st\u0131kl\u0131 \u00c7ekme Helva 250gr<br \/>\nKoli \u0130\u00e7i: 12 ad.<br \/>\nPalette Koli ad. 144<\/p>\n","protected":false},"featured_media":1319,"template":"","meta":{"site-sidebar-layout":"right-sidebar","site-content-layout":"default","ast-global-header-display":"","ast-main-header-display":"","ast-hfb-above-header-display":"","ast-hfb-below-header-display":"","ast-hfb-mobile-header-display":"","site-post-title":"","ast-breadcrumbs-content":"","ast-featured-img":"","footer-sml-layout":"","theme-transparent-header-meta":"default","adv-header-id-meta":"","stick-header-meta":"","header-above-stick-meta":"","header-main-stick-meta":"","header-below-stick-meta":""},"product_cat":[19],"product_tag":[],"_links":{"self":[{"href":"https:\/\/akturkhelva.com\/index.php\/wp-json\/wp\/v2\/product\/1074"}],"collection":[{"href":"https:\/\/akturkhelva.com\/index.php\/wp-json\/wp\/v2\/product"}],"about":[{"href":"https:\/\/akturkhelva.com\/index.php\/wp-json\/wp\/v2\/types\/product"}],"wp:featuredmedia":[{"embeddable":true,"href":"https:\/\/akturkhelva.com\/index.php\/wp-json\/wp\/v2\/media\/1319"}],"wp:attachment":[{"href":"https:\/\/akturkhelva.com\/index.php\/wp-json\/wp\/v2\/media?parent=1074"}],"wp:term":[{"taxonomy":"product_cat","embeddable":true,"href":"https:\/\/akturkhelva.com\/index.php\/wp-json\/wp\/v2\/product_cat?post=1074"},{"taxonomy":"product_tag","embeddable":true,"href":"https:\/\/akturkhelva.com\/index.php\/wp-json\/wp\/v2\/product_tag?post=1074"}],"curies":[{"name":"wp","href":"https:\/\/api.w.org\/{rel}","templated":true}]}}