{"id":1076,"date":"2021-07-08T03:08:08","date_gmt":"2021-07-08T03:08:08","guid":{"rendered":"https:\/\/akturkhelva.com\/?post_type=product&#038;p=1076"},"modified":"2022-04-23T22:38:35","modified_gmt":"2022-04-23T22:38:35","slug":"kagit-helva","status":"publish","type":"product","link":"https:\/\/akturkhelva.com\/index.php\/urun\/kagit-helva\/","title":{"rendered":"Ka\u011f\u0131t Helva"},"content":{"rendered":"","protected":false},"excerpt":{"rendered":"<p>Ka\u011f\u0131t Helva 40gr<br \/>\nKoli \u0130\u00e7i: 40 ad.<br \/>\nPalette Koli ad. 75<\/p>\n","protected":false},"featured_media":1121,"template":"","meta":{"site-sidebar-layout":"right-sidebar","site-content-layout":"default","ast-global-header-display":"","ast-main-header-display":"","ast-hfb-above-header-display":"","ast-hfb-below-header-display":"","ast-hfb-mobile-header-display":"","site-post-title":"","ast-breadcrumbs-content":"","ast-featured-img":"","footer-sml-layout":"","theme-transparent-header-meta":"default","adv-header-id-meta":"","stick-header-meta":"","header-above-stick-meta":"","header-main-stick-meta":"","header-below-stick-meta":""},"product_cat":[55],"product_tag":[52],"_links":{"self":[{"href":"https:\/\/akturkhelva.com\/index.php\/wp-json\/wp\/v2\/product\/1076"}],"collection":[{"href":"https:\/\/akturkhelva.com\/index.php\/wp-json\/wp\/v2\/product"}],"about":[{"href":"https:\/\/akturkhelva.com\/index.php\/wp-json\/wp\/v2\/types\/product"}],"wp:featuredmedia":[{"embeddable":true,"href":"https:\/\/akturkhelva.com\/index.php\/wp-json\/wp\/v2\/media\/1121"}],"wp:attachment":[{"href":"https:\/\/akturkhelva.com\/index.php\/wp-json\/wp\/v2\/media?parent=1076"}],"wp:term":[{"taxonomy":"product_cat","embeddable":true,"href":"https:\/\/akturkhelva.com\/index.php\/wp-json\/wp\/v2\/product_cat?post=1076"},{"taxonomy":"product_tag","embeddable":true,"href":"https:\/\/akturkhelva.com\/index.php\/wp-json\/wp\/v2\/product_tag?post=1076"}],"curies":[{"name":"wp","href":"https:\/\/api.w.org\/{rel}","templated":true}]}}