{"id":910,"date":"2021-07-07T09:40:13","date_gmt":"2021-07-07T09:40:13","guid":{"rendered":"https:\/\/akturkhelva.com\/?post_type=product&#038;p=910"},"modified":"2021-12-22T18:51:09","modified_gmt":"2021-12-22T18:51:09","slug":"5kg-visne-receli","status":"publish","type":"product","link":"https:\/\/akturkhelva.com\/index.php\/urun\/5kg-visne-receli\/","title":{"rendered":"5kg Vi\u015fne Re\u00e7eli"},"content":{"rendered":"","protected":false},"excerpt":{"rendered":"<p>5kg Vi\u015fne Re\u00e7eli<br \/>\nCam kavanoz<br \/>\nKoli \u0130\u00e7i: 1 ad.<br \/>\nPalette Koli ad. 160<\/p>\n","protected":false},"featured_media":911,"template":"","meta":{"site-sidebar-layout":"right-sidebar","site-content-layout":"default","ast-global-header-display":"","ast-main-header-display":"","ast-hfb-above-header-display":"","ast-hfb-below-header-display":"","ast-hfb-mobile-header-display":"","site-post-title":"","ast-breadcrumbs-content":"","ast-featured-img":"","footer-sml-layout":"","theme-transparent-header-meta":"default","adv-header-id-meta":"","stick-header-meta":"","header-above-stick-meta":"","header-main-stick-meta":"","header-below-stick-meta":""},"product_cat":[20,21],"product_tag":[22,23],"_links":{"self":[{"href":"https:\/\/akturkhelva.com\/index.php\/wp-json\/wp\/v2\/product\/910"}],"collection":[{"href":"https:\/\/akturkhelva.com\/index.php\/wp-json\/wp\/v2\/product"}],"about":[{"href":"https:\/\/akturkhelva.com\/index.php\/wp-json\/wp\/v2\/types\/product"}],"wp:featuredmedia":[{"embeddable":true,"href":"https:\/\/akturkhelva.com\/index.php\/wp-json\/wp\/v2\/media\/911"}],"wp:attachment":[{"href":"https:\/\/akturkhelva.com\/index.php\/wp-json\/wp\/v2\/media?parent=910"}],"wp:term":[{"taxonomy":"product_cat","embeddable":true,"href":"https:\/\/akturkhelva.com\/index.php\/wp-json\/wp\/v2\/product_cat?post=910"},{"taxonomy":"product_tag","embeddable":true,"href":"https:\/\/akturkhelva.com\/index.php\/wp-json\/wp\/v2\/product_tag?post=910"}],"curies":[{"name":"wp","href":"https:\/\/api.w.org\/{rel}","templated":true}]}}