{"id":967,"date":"2021-07-08T01:27:40","date_gmt":"2021-07-08T01:27:40","guid":{"rendered":"https:\/\/akturkhelva.com\/?post_type=product&#038;p=967"},"modified":"2021-12-22T18:51:05","modified_gmt":"2021-12-22T18:51:05","slug":"1000gr-incir-receli","status":"publish","type":"product","link":"https:\/\/akturkhelva.com\/index.php\/urun\/1000gr-incir-receli\/","title":{"rendered":"1000gr \u0130ncir Re\u00e7eli"},"content":{"rendered":"","protected":false},"excerpt":{"rendered":"<p>1000gr \u0130ncir Re\u00e7eli<br \/>\nCam kavanoz<br \/>\nKoli \u0130\u00e7i: 6 ad.<br \/>\nPalette Koli ad. 160<\/p>\n","protected":false},"featured_media":968,"template":"","meta":{"site-sidebar-layout":"right-sidebar","site-content-layout":"default","ast-global-header-display":"","ast-main-header-display":"","ast-hfb-above-header-display":"","ast-hfb-below-header-display":"","ast-hfb-mobile-header-display":"","site-post-title":"","ast-breadcrumbs-content":"","ast-featured-img":"","footer-sml-layout":"","theme-transparent-header-meta":"default","adv-header-id-meta":"","stick-header-meta":"","header-above-stick-meta":"","header-main-stick-meta":"","header-below-stick-meta":""},"product_cat":[33,20],"product_tag":[34,22],"_links":{"self":[{"href":"https:\/\/akturkhelva.com\/index.php\/wp-json\/wp\/v2\/product\/967"}],"collection":[{"href":"https:\/\/akturkhelva.com\/index.php\/wp-json\/wp\/v2\/product"}],"about":[{"href":"https:\/\/akturkhelva.com\/index.php\/wp-json\/wp\/v2\/types\/product"}],"wp:featuredmedia":[{"embeddable":true,"href":"https:\/\/akturkhelva.com\/index.php\/wp-json\/wp\/v2\/media\/968"}],"wp:attachment":[{"href":"https:\/\/akturkhelva.com\/index.php\/wp-json\/wp\/v2\/media?parent=967"}],"wp:term":[{"taxonomy":"product_cat","embeddable":true,"href":"https:\/\/akturkhelva.com\/index.php\/wp-json\/wp\/v2\/product_cat?post=967"},{"taxonomy":"product_tag","embeddable":true,"href":"https:\/\/akturkhelva.com\/index.php\/wp-json\/wp\/v2\/product_tag?post=967"}],"curies":[{"name":"wp","href":"https:\/\/api.w.org\/{rel}","templated":true}]}}